{"id":407,"date":"2024-03-25T00:31:05","date_gmt":"2024-03-25T00:31:05","guid":{"rendered":"https:\/\/telcolab.pl\/EN\/?page_id=407"},"modified":"2024-04-12T20:04:14","modified_gmt":"2024-04-12T20:04:14","slug":"o-nas","status":"publish","type":"page","link":"https:\/\/telcolab.pl\/EN\/o-nas\/","title":{"rendered":"O NAS"},"content":{"rendered":"\t\t<div data-elementor-type=\"wp-page\" data-elementor-id=\"407\" class=\"elementor elementor-407\" data-elementor-post-type=\"page\">\n\t\t\t\t<div class=\"elementor-element elementor-element-45c8794e e-flex e-con-boxed e-con e-parent\" data-id=\"45c8794e\" data-element_type=\"container\" data-settings=\"{&quot;background_background&quot;:&quot;classic&quot;}\">\n\t\t\t\t\t<div class=\"e-con-inner\">\n\t\t\t\t<div class=\"elementor-element elementor-element-3b90703b elementor-widget elementor-widget-heading\" data-id=\"3b90703b\" data-element_type=\"widget\" data-widget_type=\"heading.default\">\n\t\t\t\t<div class=\"elementor-widget-container\">\n\t\t\t<h1 class=\"elementor-heading-title elementor-size-default\">About us<\/h1>\t\t<\/div>\n\t\t\t\t<\/div>\n\t\t\t\t\t<\/div>\n\t\t\t\t<\/div>\n\t\t<div class=\"elementor-element elementor-element-ed7fe2d e-flex e-con-boxed e-con e-parent\" data-id=\"ed7fe2d\" data-element_type=\"container\">\n\t\t\t\t\t<div class=\"e-con-inner\">\n\t\t<div class=\"elementor-element elementor-element-7c8c1743 e-con-full e-flex e-con e-child\" data-id=\"7c8c1743\" data-element_type=\"container\">\n\t\t<div class=\"elementor-element elementor-element-14534eb3 e-flex e-con-boxed e-con e-child\" data-id=\"14534eb3\" data-element_type=\"container\">\n\t\t\t\t\t<div class=\"e-con-inner\">\n\t\t\t\t<div class=\"elementor-element elementor-element-98e9dbe elementor-widget elementor-widget-heading\" data-id=\"98e9dbe\" data-element_type=\"widget\" data-widget_type=\"heading.default\">\n\t\t\t\t<div class=\"elementor-widget-container\">\n\t\t\t<h2 class=\"elementor-heading-title elementor-size-default\">Services<\/h2>\t\t<\/div>\n\t\t\t\t<\/div>\n\t\t\t\t<div class=\"elementor-element elementor-element-85dbc34 elementor-icon-list--layout-traditional elementor-list-item-link-full_width elementor-widget elementor-widget-icon-list\" data-id=\"85dbc34\" data-element_type=\"widget\" data-widget_type=\"icon-list.default\">\n\t\t\t\t<div class=\"elementor-widget-container\">\n\t\t\t\t\t<ul class=\"elementor-icon-list-items\">\n\t\t\t\t\t\t\t<li class=\"elementor-icon-list-item\">\n\t\t\t\t\t\t\t\t\t\t\t<a href=\"https:\/\/telcolab.pl\/EN\/iso-45001\/\">\n\n\t\t\t\t\t\t\t\t\t\t\t\t<span class=\"elementor-icon-list-icon\">\n\t\t\t\t\t\t\t<svg aria-hidden=\"true\" class=\"e-font-icon-svg e-fas-chevron-right\" viewBox=\"0 0 320 512\" xmlns=\"http:\/\/www.w3.org\/2000\/svg\"><path d=\"M285.476 272.971L91.132 467.314c-9.373 9.373-24.569 9.373-33.941 0l-22.667-22.667c-9.357-9.357-9.375-24.522-.04-33.901L188.505 256 34.484 101.255c-9.335-9.379-9.317-24.544.04-33.901l22.667-22.667c9.373-9.373 24.569-9.373 33.941 0L285.475 239.03c9.373 9.372 9.373 24.568.001 33.941z\"><\/path><\/svg>\t\t\t\t\t\t<\/span>\n\t\t\t\t\t\t\t\t\t\t<span class=\"elementor-icon-list-text\">\tValidations of mobile terminals<\/span>\n\t\t\t\t\t\t\t\t\t\t\t<\/a>\n\t\t\t\t\t\t\t\t\t<\/li>\n\t\t\t\t\t\t\t\t<li class=\"elementor-icon-list-item\">\n\t\t\t\t\t\t\t\t\t\t\t<a href=\"https:\/\/telcolab.pl\/EN\/iso-9001\/\">\n\n\t\t\t\t\t\t\t\t\t\t\t\t<span class=\"elementor-icon-list-icon\">\n\t\t\t\t\t\t\t<svg aria-hidden=\"true\" class=\"e-font-icon-svg e-fas-chevron-right\" viewBox=\"0 0 320 512\" xmlns=\"http:\/\/www.w3.org\/2000\/svg\"><path d=\"M285.476 272.971L91.132 467.314c-9.373 9.373-24.569 9.373-33.941 0l-22.667-22.667c-9.357-9.357-9.375-24.522-.04-33.901L188.505 256 34.484 101.255c-9.335-9.379-9.317-24.544.04-33.901l22.667-22.667c9.373-9.373 24.569-9.373 33.941 0L285.475 239.03c9.373 9.372 9.373 24.568.001 33.941z\"><\/path><\/svg>\t\t\t\t\t\t<\/span>\n\t\t\t\t\t\t\t\t\t\t<span class=\"elementor-icon-list-text\"> ISO certification and CE product marking<\/span>\n\t\t\t\t\t\t\t\t\t\t\t<\/a>\n\t\t\t\t\t\t\t\t\t<\/li>\n\t\t\t\t\t\t\t\t<li class=\"elementor-icon-list-item\">\n\t\t\t\t\t\t\t\t\t\t\t<a href=\"https:\/\/telcolab.pl\/EN\/iso-27001\/\">\n\n\t\t\t\t\t\t\t\t\t\t\t\t<span class=\"elementor-icon-list-icon\">\n\t\t\t\t\t\t\t<svg aria-hidden=\"true\" class=\"e-font-icon-svg e-fas-chevron-right\" viewBox=\"0 0 320 512\" xmlns=\"http:\/\/www.w3.org\/2000\/svg\"><path d=\"M285.476 272.971L91.132 467.314c-9.373 9.373-24.569 9.373-33.941 0l-22.667-22.667c-9.357-9.357-9.375-24.522-.04-33.901L188.505 256 34.484 101.255c-9.335-9.379-9.317-24.544.04-33.901l22.667-22.667c9.373-9.373 24.569-9.373 33.941 0L285.475 239.03c9.373 9.372 9.373 24.568.001 33.941z\"><\/path><\/svg>\t\t\t\t\t\t<\/span>\n\t\t\t\t\t\t\t\t\t\t<span class=\"elementor-icon-list-text\">Other<\/span>\n\t\t\t\t\t\t\t\t\t\t\t<\/a>\n\t\t\t\t\t\t\t\t\t<\/li>\n\t\t\t\t\t\t<\/ul>\n\t\t\t\t<\/div>\n\t\t\t\t<\/div>\n\t\t\t\t\t<\/div>\n\t\t\t\t<\/div>\n\t\t<div class=\"elementor-element elementor-element-ae9a7b0 e-flex e-con-boxed e-con e-child\" data-id=\"ae9a7b0\" data-element_type=\"container\" data-settings=\"{&quot;background_background&quot;:&quot;classic&quot;}\">\n\t\t\t\t\t<div class=\"e-con-inner\">\n\t\t\t\t<div class=\"elementor-element elementor-element-07d730c elementor-widget__width-initial elementor-widget elementor-widget-heading\" data-id=\"07d730c\" data-element_type=\"widget\" data-widget_type=\"heading.default\">\n\t\t\t\t<div class=\"elementor-widget-container\">\n\t\t\t<h2 class=\"elementor-heading-title elementor-size-default\">Need help?<\/h2>\t\t<\/div>\n\t\t\t\t<\/div>\n\t\t\t\t<div class=\"elementor-element elementor-element-d8e5887 elementor-widget__width-initial elementor-widget elementor-widget-text-editor\" data-id=\"d8e5887\" data-element_type=\"widget\" data-widget_type=\"text-editor.default\">\n\t\t\t\t<div class=\"elementor-widget-container\">\n\t\t\t\t\t\t\tIf you have any doubts or don&#8217;t understand something and want to ask further questions, please contact us by dialing the phone number below:\t\t\t\t\t\t<\/div>\n\t\t\t\t<\/div>\n\t\t\t\t<div class=\"elementor-element elementor-element-f6e1c83 elementor-widget elementor-widget-jkit_button\" data-id=\"f6e1c83\" data-element_type=\"widget\" data-widget_type=\"jkit_button.default\">\n\t\t\t\t<div class=\"elementor-widget-container\">\n\t\t\t<div  class=\"jeg-elementor-kit jkit-button  icon-position-after jeg_module___69fc604ebc61e\" ><a href=\"tel:793001610\" class=\"jkit-button-wrapper\">+48 793 001 610<i aria-hidden=\"true\" class=\"jki jki-arrow-right-light\"><\/i><\/a><\/div>\t\t<\/div>\n\t\t\t\t<\/div>\n\t\t\t\t\t<\/div>\n\t\t\t\t<\/div>\n\t\t\t\t<\/div>\n\t\t<div class=\"elementor-element elementor-element-52b400eb e-con-full e-flex e-con e-child\" data-id=\"52b400eb\" data-element_type=\"container\">\n\t\t\t\t<div class=\"elementor-element elementor-element-6a6e1a56 elementor-widget-mobile__width-initial elementor-widget elementor-widget-heading\" data-id=\"6a6e1a56\" data-element_type=\"widget\" data-widget_type=\"heading.default\">\n\t\t\t\t<div class=\"elementor-widget-container\">\n\t\t\t<h2 class=\"elementor-heading-title elementor-size-default\">About us<\/h2>\t\t<\/div>\n\t\t\t\t<\/div>\n\t\t\t\t<div class=\"elementor-element elementor-element-5fde7867 elementor-widget elementor-widget-text-editor\" data-id=\"5fde7867\" data-element_type=\"widget\" data-widget_type=\"text-editor.default\">\n\t\t\t\t<div class=\"elementor-widget-container\">\n\t\t\t\t\t\t\t<p>Welcome to the world of Tomorrow Telco &#8211; a dynamic company composed of telecommunications, IT, and electronics enthusiasts. Our mission is not only to provide services of the highest quality but also to create innovation and technological future.<\/p><p>We are proud of our TELCOLAB laboratory, where we conduct rigorous device validation, ensuring their compliance with the highest technical and functional standards applicable in the market. Here, in the heart of our company, we create and support the sales potential of our products for customers.<\/p><p>Tomorrow Telco is also a technological partner of renowned companies worldwide. We cooperate with industry giants such as SIEMENS, BLACKBERRY, and ORANGE, enabling us to provide our customers with access to the latest solutions available on the market.<\/p><p>Our company leads the High-Tech section in the Polish-Asian Chamber of Industry and Commerce, confirming our commitment to the development of the technological sector. Additionally, we are proud members of the China-Poland Chamber of Commerce, which allows us to build strong international business relationships.<\/p><p>Tomorrow Telco is more than a consulting firm in the telecommunications industry &#8211; it is a place where experts from various fields join forces to redefine standards and create the future of technology. Join us on our journey into the world of modern solutions, innovation, and excellent quality services.<\/p>\t\t\t\t\t\t<\/div>\n\t\t\t\t<\/div>\n\t\t\t\t<div class=\"elementor-element elementor-element-7f855cc elementor-widget-mobile__width-initial elementor-widget elementor-widget-heading\" data-id=\"7f855cc\" data-element_type=\"widget\" data-widget_type=\"heading.default\">\n\t\t\t\t<div class=\"elementor-widget-container\">\n\t\t\t<h2 class=\"elementor-heading-title elementor-size-default\">Synergy of domain<\/h2>\t\t<\/div>\n\t\t\t\t<\/div>\n\t\t\t\t<div class=\"elementor-element elementor-element-414499d elementor-widget elementor-widget-jkit_tabs\" data-id=\"414499d\" data-element_type=\"widget\" data-widget_type=\"jkit_tabs.default\">\n\t\t\t\t<div class=\"elementor-widget-container\">\n\t\t\t<div  class=\"jeg-elementor-kit jkit-tabs layout-horizontal jeg_module__1_69fc604ec1bfe\" ><div class=\"tab-navigation\"><ul class=\"tab-nav-list   \" data-toggle=\"0\"><li class=\"tab-nav active \" data-tab=\"tab-b98220c\"><span class=\"tab-title\">Electronics<\/span><div class=\"tab-content\"><div class=\"tab-description\"><\/div><\/div><\/li><li class=\"tab-nav  \" data-tab=\"tab-dde1624\"><span class=\"tab-title\">Software<\/span><div class=\"tab-content\"><div class=\"tab-description\"><\/div><\/div><\/li><li class=\"tab-nav  \" data-tab=\"tab-73c0da2\"><span class=\"tab-title\">Telecommunication<\/span><div class=\"tab-content\"><div class=\"tab-description\"><\/div><\/div><\/li><\/ul><\/div><div class=\"tab-content-list\"><div class=\"tab-content tab-b98220c active\">Only properly selected, designed, manufactured, and tested electronics can guarantee the continuous operation of devices and avoid returns and complaints.<\/div><div class=\"tab-content tab-dde1624 \">Only a good understanding of the architecture of operating systems and modems allows for development of software that operates optimally and ensures customer satisfaction.<\/div><div class=\"tab-content tab-73c0da2 \">Only a deep understanding of current telecommunications network standards, as well as functional and technical requirements, allows meeting the demands set by current customers and end-users.<\/div><\/div><\/div>\t\t<\/div>\n\t\t\t\t<\/div>\n\t\t\t\t<div class=\"elementor-element elementor-element-5d04c4d elementor-widget elementor-widget-text-editor\" data-id=\"5d04c4d\" data-element_type=\"widget\" data-widget_type=\"text-editor.default\">\n\t\t\t\t<div class=\"elementor-widget-container\">\n\t\t\t\t\t\t\t<p><em><strong>Dysponujemy do\u015bwiadczeniem zdobytym na ca\u0142ym \u015bwiecie dla wielu klient\u00f3w od producent\u00f3w terminali, przez operator\u00f3w telekomunikacyjnych po kluczowych klient\u00f3w biznesowych.<\/strong><\/em><\/p>\t\t\t\t\t\t<\/div>\n\t\t\t\t<\/div>\n\t\t\t\t<div class=\"elementor-element elementor-element-ec94dcd elementor-widget elementor-widget-image\" data-id=\"ec94dcd\" data-element_type=\"widget\" data-widget_type=\"image.default\">\n\t\t\t\t<div class=\"elementor-widget-container\">\n\t\t\t\t\t\t\t\t\t\t\t\t\t<img decoding=\"async\" width=\"283\" height=\"43\" src=\"https:\/\/telcolab.pl\/EN\/wp-content\/uploads\/2024\/03\/mb-signature.png\" class=\"attachment-large size-large wp-image-55\" alt=\"\" \/>\t\t\t\t\t\t\t\t\t\t\t\t\t<\/div>\n\t\t\t\t<\/div>\n\t\t\t\t<\/div>\n\t\t\t\t\t<\/div>\n\t\t\t\t<\/div>\n\t\t\t\t<\/div>\n\t\t","protected":false},"excerpt":{"rendered":"<p>About us Services Validations of mobile terminals ISO certification and CE product marking Other Need help? If you have any doubts or don&#8217;t understand something and want to ask further questions, please contact us by dialing the phone number below: +48 793 001 610 About us Welcome to the world of Tomorrow Telco &#8211; a [&hellip;]<\/p>\n","protected":false},"author":1,"featured_media":0,"parent":0,"menu_order":0,"comment_status":"closed","ping_status":"closed","template":"","meta":{"footnotes":""},"_links":{"self":[{"href":"https:\/\/telcolab.pl\/EN\/wp-json\/wp\/v2\/pages\/407"}],"collection":[{"href":"https:\/\/telcolab.pl\/EN\/wp-json\/wp\/v2\/pages"}],"about":[{"href":"https:\/\/telcolab.pl\/EN\/wp-json\/wp\/v2\/types\/page"}],"author":[{"embeddable":true,"href":"https:\/\/telcolab.pl\/EN\/wp-json\/wp\/v2\/users\/1"}],"replies":[{"embeddable":true,"href":"https:\/\/telcolab.pl\/EN\/wp-json\/wp\/v2\/comments?post=407"}],"version-history":[{"count":10,"href":"https:\/\/telcolab.pl\/EN\/wp-json\/wp\/v2\/pages\/407\/revisions"}],"predecessor-version":[{"id":764,"href":"https:\/\/telcolab.pl\/EN\/wp-json\/wp\/v2\/pages\/407\/revisions\/764"}],"wp:attachment":[{"href":"https:\/\/telcolab.pl\/EN\/wp-json\/wp\/v2\/media?parent=407"}],"curies":[{"name":"wp","href":"https:\/\/api.w.org\/{rel}","templated":true}]}}